{"id":3,"date":"2019-11-28T02:37:13","date_gmt":"2019-11-28T01:37:13","guid":{"rendered":"https:\/\/www.bungalows-martinique.com\/sun27112019\/?page_id=3"},"modified":"2019-12-21T19:46:08","modified_gmt":"2019-12-21T18:46:08","slug":"politique-de-confidentialite","status":"publish","type":"page","link":"https:\/\/www.bungalows-martinique.com\/en\/politique-de-confidentialite\/","title":{"rendered":"Privacy Policy"},"content":{"rendered":"<div data-elementor-type=\"wp-page\" data-elementor-id=\"3\" class=\"elementor elementor-3\">\n\t\t\t\t\t\t<section class=\"elementor-section elementor-top-section elementor-element elementor-element-15b9f4e1 elementor-section-boxed elementor-section-height-default elementor-section-height-default\" data-id=\"15b9f4e1\" data-element_type=\"section\" data-e-type=\"section\">\n\t\t\t\t\t\t<div class=\"elementor-container elementor-column-gap-default\">\n\t\t\t\t\t<div class=\"elementor-column elementor-col-100 elementor-top-column elementor-element elementor-element-249ef8d9\" data-id=\"249ef8d9\" data-element_type=\"column\" data-e-type=\"column\">\n\t\t\t<div class=\"elementor-widget-wrap elementor-element-populated\">\n\t\t\t\t\t\t<div class=\"elementor-element elementor-element-99e2072 elementor-widget elementor-widget-heading\" data-id=\"99e2072\" data-element_type=\"widget\" data-e-type=\"widget\" data-widget_type=\"heading.default\">\n\t\t\t\t<div class=\"elementor-widget-container\">\n\t\t\t\t\t<h2 class=\"elementor-heading-title elementor-size-default\">OUR PRIVACY POLICY<\/h2>\t\t\t\t<\/div>\n\t\t\t\t<\/div>\n\t\t\t\t<div class=\"elementor-element elementor-element-511d7ba3 elementor-widget elementor-widget-text-editor\" data-id=\"511d7ba3\" data-element_type=\"widget\" data-e-type=\"widget\" data-widget_type=\"text-editor.default\">\n\t\t\t\t<div class=\"elementor-widget-container\">\n\t\t\t\t\t\t\t\t\t\n<p>Data confidentiality is extremely important to us.<\/p>\n\n<p>In accordance with the new General Regulations for the Protection of Personal Data (RGPD), applicable from 25 May 2018, in order to protect the privacy of our customers and to make good use of your data, we would like to inform you about the use we make of your data.<\/p>\n\n<p>1 \/ When you use the reservation form on the site, you will receive the following information:<br \/><br \/>\u00a0 \u00a0 NAME FIRST NAME EMAIL PHONE.<\/p>\n\n<p>\u00a0 \u00a0 This information is necessary to make your reservation.<strong><br \/><br \/>\u00a0 \u00a0This information is not retained for future use.<br \/>\u00a0 \u00a0Under no circumstances will this information be transferred to other operators or companies.<br \/><br \/><br \/><\/strong>2\/ When you surf on our site, the information\u00a0<strong>ANONYMES<\/strong>\u00a0suivantes sont recueillies pour alimenter notre compte google analytics :<br \/><br \/>\u00a0 \u00a0 IP ADDRESS - LOCATION - BEHAVIOUR ON THE SITE (tracking page views)<br \/><br \/>\u00a0 \u00a0 This ANONYMOUS information is collected in order to improve the operation and efficiency of our site.<br \/><br \/><br \/>As you can see, you can sleep soundly at la Route des Epices:\u00a0<br \/><br \/><strong>There is no exploitation of personal data.<br \/><br \/>See you soon in our Residence...<\/strong><\/p>\n\n<p>\u00a0<\/p>\n\t\t\t\t\t\t\t\t<\/div>\n\t\t\t\t<\/div>\n\t\t\t\t\t<\/div>\n\t\t<\/div>\n\t\t\t\t\t<\/div>\n\t\t<\/section>\n\t\t\t\t<\/div>","protected":false},"excerpt":{"rendered":"<p>NOTRE POLITIQUE DE CONFIDENTIALITE La confidentialit\u00e9 des donn\u00e9es est extr\u00eamement importante pour nous. Conform\u00e9ment au nouveau R\u00e8glement G\u00e9n\u00e9ral pour la Protection des Donn\u00e9es personnelles (RGPD), applicable \u00e0 partir du 25 [&hellip;]<\/p>\n","protected":false},"author":1,"featured_media":0,"parent":0,"menu_order":0,"comment_status":"closed","ping_status":"open","template":"","meta":{"footnotes":""},"class_list":["post-3","page","type-page","status-publish","hentry"],"yoast_head":"<!-- This site is optimized with the Yoast SEO plugin v27.5 - https:\/\/yoast.com\/product\/yoast-seo-wordpress\/ -->\n<title>Politique de confidentialit\u00e9<\/title>\n<meta name=\"description\" content=\"Location Villa Martinique avec piscine prive, S\u00e9jours vacances Martinique, La Route des \u00e9pices, vous propose ses ravissantes locations de villa et bungalow \u00e0 Martinique.\" \/>\n<meta name=\"robots\" content=\"index, follow, max-snippet:-1, max-image-preview:large, max-video-preview:-1\" \/>\n<link rel=\"canonical\" href=\"https:\/\/www.bungalows-martinique.com\/en\/politique-de-confidentialite\/\" \/>\n<meta property=\"og:locale\" content=\"en_GB\" \/>\n<meta property=\"og:type\" content=\"article\" \/>\n<meta property=\"og:title\" content=\"Politique de confidentialit\u00e9\" \/>\n<meta property=\"og:description\" content=\"Location Villa Martinique avec piscine prive, S\u00e9jours vacances Martinique, La Route des \u00e9pices, vous propose ses ravissantes locations de villa et bungalow \u00e0 Martinique.\" \/>\n<meta property=\"og:url\" content=\"https:\/\/www.bungalows-martinique.com\/en\/politique-de-confidentialite\/\" \/>\n<meta property=\"og:site_name\" content=\"Location bungalows Martinique - Location villas avec piscine en Martinique\" \/>\n<meta property=\"article:modified_time\" content=\"2019-12-21T18:46:08+00:00\" \/>\n<meta name=\"twitter:card\" content=\"summary_large_image\" \/>\n<meta name=\"twitter:label1\" content=\"Estimated reading time\" \/>\n\t<meta name=\"twitter:data1\" content=\"1 minute\" \/>\n<script type=\"application\/ld+json\" class=\"yoast-schema-graph\">{\"@context\":\"https:\\\/\\\/schema.org\",\"@graph\":[{\"@type\":\"WebPage\",\"@id\":\"https:\\\/\\\/www.bungalows-martinique.com\\\/politique-de-confidentialite\\\/\",\"url\":\"https:\\\/\\\/www.bungalows-martinique.com\\\/politique-de-confidentialite\\\/\",\"name\":\"Politique de confidentialit\u00e9\",\"isPartOf\":{\"@id\":\"https:\\\/\\\/www.bungalows-martinique.com\\\/#website\"},\"datePublished\":\"2019-11-28T01:37:13+00:00\",\"dateModified\":\"2019-12-21T18:46:08+00:00\",\"description\":\"Location Villa Martinique avec piscine prive, S\u00e9jours vacances Martinique, La Route des \u00e9pices, vous propose ses ravissantes locations de villa et bungalow \u00e0 Martinique.\",\"breadcrumb\":{\"@id\":\"https:\\\/\\\/www.bungalows-martinique.com\\\/politique-de-confidentialite\\\/#breadcrumb\"},\"inLanguage\":\"en-GB\",\"potentialAction\":[{\"@type\":\"ReadAction\",\"target\":[\"https:\\\/\\\/www.bungalows-martinique.com\\\/politique-de-confidentialite\\\/\"]}]},{\"@type\":\"BreadcrumbList\",\"@id\":\"https:\\\/\\\/www.bungalows-martinique.com\\\/politique-de-confidentialite\\\/#breadcrumb\",\"itemListElement\":[{\"@type\":\"ListItem\",\"position\":1,\"name\":\"Accueil\",\"item\":\"https:\\\/\\\/www.bungalows-martinique.com\\\/\"},{\"@type\":\"ListItem\",\"position\":2,\"name\":\"Politique de confidentialit\u00e9\"}]},{\"@type\":\"WebSite\",\"@id\":\"https:\\\/\\\/www.bungalows-martinique.com\\\/#website\",\"url\":\"https:\\\/\\\/www.bungalows-martinique.com\\\/\",\"name\":\"Location bungalows Martinique - Location villas avec piscine en Martinique\",\"description\":\"Sur la Route des Epices en Martinique\",\"potentialAction\":[{\"@type\":\"SearchAction\",\"target\":{\"@type\":\"EntryPoint\",\"urlTemplate\":\"https:\\\/\\\/www.bungalows-martinique.com\\\/?s={search_term_string}\"},\"query-input\":{\"@type\":\"PropertyValueSpecification\",\"valueRequired\":true,\"valueName\":\"search_term_string\"}}],\"inLanguage\":\"en-GB\"}]}<\/script>\n<!-- \/ Yoast SEO plugin. -->","yoast_head_json":{"title":"Privacy Policy","description":"Location Villa Martinique avec piscine prive, S\u00e9jours vacances Martinique, La Route des \u00e9pices, vous propose ses ravissantes locations de villa et bungalow \u00e0 Martinique.","robots":{"index":"index","follow":"follow","max-snippet":"max-snippet:-1","max-image-preview":"max-image-preview:large","max-video-preview":"max-video-preview:-1"},"canonical":"https:\/\/www.bungalows-martinique.com\/en\/politique-de-confidentialite\/","og_locale":"en_GB","og_type":"article","og_title":"Politique de confidentialit\u00e9","og_description":"Location Villa Martinique avec piscine prive, S\u00e9jours vacances Martinique, La Route des \u00e9pices, vous propose ses ravissantes locations de villa et bungalow \u00e0 Martinique.","og_url":"https:\/\/www.bungalows-martinique.com\/en\/politique-de-confidentialite\/","og_site_name":"Location bungalows Martinique - Location villas avec piscine en Martinique","article_modified_time":"2019-12-21T18:46:08+00:00","twitter_card":"summary_large_image","twitter_misc":{"Estimated reading time":"1 minute"},"schema":{"@context":"https:\/\/schema.org","@graph":[{"@type":"WebPage","@id":"https:\/\/www.bungalows-martinique.com\/politique-de-confidentialite\/","url":"https:\/\/www.bungalows-martinique.com\/politique-de-confidentialite\/","name":"Privacy Policy","isPartOf":{"@id":"https:\/\/www.bungalows-martinique.com\/#website"},"datePublished":"2019-11-28T01:37:13+00:00","dateModified":"2019-12-21T18:46:08+00:00","description":"Location Villa Martinique avec piscine prive, S\u00e9jours vacances Martinique, La Route des \u00e9pices, vous propose ses ravissantes locations de villa et bungalow \u00e0 Martinique.","breadcrumb":{"@id":"https:\/\/www.bungalows-martinique.com\/politique-de-confidentialite\/#breadcrumb"},"inLanguage":"en-GB","potentialAction":[{"@type":"ReadAction","target":["https:\/\/www.bungalows-martinique.com\/politique-de-confidentialite\/"]}]},{"@type":"BreadcrumbList","@id":"https:\/\/www.bungalows-martinique.com\/politique-de-confidentialite\/#breadcrumb","itemListElement":[{"@type":"ListItem","position":1,"name":"Accueil","item":"https:\/\/www.bungalows-martinique.com\/"},{"@type":"ListItem","position":2,"name":"Politique de confidentialit\u00e9"}]},{"@type":"WebSite","@id":"https:\/\/www.bungalows-martinique.com\/#website","url":"https:\/\/www.bungalows-martinique.com\/","name":"Location bungalows Martinique - Location villas avec piscine en Martinique","description":"Sur la Route des Epices en Martinique","potentialAction":[{"@type":"SearchAction","target":{"@type":"EntryPoint","urlTemplate":"https:\/\/www.bungalows-martinique.com\/?s={search_term_string}"},"query-input":{"@type":"PropertyValueSpecification","valueRequired":true,"valueName":"search_term_string"}}],"inLanguage":"en-GB"}]}},"_links":{"self":[{"href":"https:\/\/www.bungalows-martinique.com\/en\/wp-json\/wp\/v2\/pages\/3","targetHints":{"allow":["GET"]}}],"collection":[{"href":"https:\/\/www.bungalows-martinique.com\/en\/wp-json\/wp\/v2\/pages"}],"about":[{"href":"https:\/\/www.bungalows-martinique.com\/en\/wp-json\/wp\/v2\/types\/page"}],"author":[{"embeddable":true,"href":"https:\/\/www.bungalows-martinique.com\/en\/wp-json\/wp\/v2\/users\/1"}],"replies":[{"embeddable":true,"href":"https:\/\/www.bungalows-martinique.com\/en\/wp-json\/wp\/v2\/comments?post=3"}],"version-history":[{"count":4,"href":"https:\/\/www.bungalows-martinique.com\/en\/wp-json\/wp\/v2\/pages\/3\/revisions"}],"predecessor-version":[{"id":825,"href":"https:\/\/www.bungalows-martinique.com\/en\/wp-json\/wp\/v2\/pages\/3\/revisions\/825"}],"wp:attachment":[{"href":"https:\/\/www.bungalows-martinique.com\/en\/wp-json\/wp\/v2\/media?parent=3"}],"curies":[{"name":"wp","href":"https:\/\/api.w.org\/{rel}","templated":true}]}}