{"id":15,"date":"2019-12-02T04:55:58","date_gmt":"2019-12-02T03:55:58","guid":{"rendered":"https:\/\/www.bungalows-martinique.com\/sun27112019\/?page_id=15"},"modified":"2019-12-18T15:31:27","modified_gmt":"2019-12-18T14:31:27","slug":"decouvrir-le-francois","status":"publish","type":"page","link":"https:\/\/www.bungalows-martinique.com\/en\/decouvrir-le-francois\/","title":{"rendered":"Discover Fran\u00e7ois"},"content":{"rendered":"<div data-elementor-type=\"wp-page\" data-elementor-id=\"15\" class=\"elementor elementor-15\">\n\t\t\t\t\t\t<section class=\"elementor-section elementor-top-section elementor-element elementor-element-faaa3a0 elementor-section-height-min-height elementor-section-boxed elementor-section-height-default elementor-section-items-middle\" data-id=\"faaa3a0\" data-element_type=\"section\" data-e-type=\"section\" data-settings=\"{&quot;background_background&quot;:&quot;classic&quot;}\">\n\t\t\t\t\t\t<div class=\"elementor-container elementor-column-gap-default\">\n\t\t\t\t\t<div class=\"elementor-column elementor-col-100 elementor-top-column elementor-element elementor-element-82ce684\" data-id=\"82ce684\" data-element_type=\"column\" data-e-type=\"column\">\n\t\t\t<div class=\"elementor-widget-wrap\">\n\t\t\t\t\t\t\t<\/div>\n\t\t<\/div>\n\t\t\t\t\t<\/div>\n\t\t<\/section>\n\t\t\t\t<section class=\"elementor-section elementor-top-section elementor-element elementor-element-23ee2152 elementor-section-boxed elementor-section-height-default elementor-section-height-default\" data-id=\"23ee2152\" data-element_type=\"section\" data-e-type=\"section\">\n\t\t\t\t\t\t<div class=\"elementor-container elementor-column-gap-default\">\n\t\t\t\t\t<div class=\"elementor-column elementor-col-100 elementor-top-column elementor-element elementor-element-469f909b\" data-id=\"469f909b\" data-element_type=\"column\" data-e-type=\"column\">\n\t\t\t<div class=\"elementor-widget-wrap elementor-element-populated\">\n\t\t\t\t\t\t<div class=\"elementor-element elementor-element-18307645 elementor-widget elementor-widget-heading\" data-id=\"18307645\" data-element_type=\"widget\" data-e-type=\"widget\" data-widget_type=\"heading.default\">\n\t\t\t\t<div class=\"elementor-widget-container\">\n\t\t\t\t\t<h2 class=\"elementor-heading-title elementor-size-default\">Le Fran\u00e7ois<\/h2>\t\t\t\t<\/div>\n\t\t\t\t<\/div>\n\t\t\t\t<div class=\"elementor-element elementor-element-1a2ef71e elementor-widget elementor-widget-text-editor\" data-id=\"1a2ef71e\" data-element_type=\"widget\" data-e-type=\"widget\" data-widget_type=\"text-editor.default\">\n\t\t\t\t<div class=\"elementor-widget-container\">\n\t\t\t\t\t\t\t\t\t<p>Le Fran\u00e7ois is well-known for its beautiful bay where the little islands Lavigne,<br \/>\u00a0Lapin, Oscar, Thierry, M\u00e9trente, Pel\u00e9, Long and Fr\u00e9gate are shielded from the raging Atlantic Ocean.<\/p>\t\t\t\t\t\t\t\t<\/div>\n\t\t\t\t<\/div>\n\t\t\t\t<div class=\"elementor-element elementor-element-33072176 elementor-widget elementor-widget-image\" data-id=\"33072176\" data-element_type=\"widget\" data-e-type=\"widget\" data-widget_type=\"image.default\">\n\t\t\t\t<div class=\"elementor-widget-container\">\n\t\t\t\t\t\t\t\t\t\t\t\t\t\t\t<img fetchpriority=\"high\" decoding=\"async\" width=\"1024\" height=\"512\" src=\"https:\/\/www.bungalows-martinique.com\/wp-content\/uploads\/2019\/12\/ilets-2-1024x512.jpg\" class=\"attachment-large size-large wp-image-654\" alt=\"\" srcset=\"https:\/\/www.bungalows-martinique.com\/wp-content\/uploads\/2019\/12\/ilets-2-1024x512.jpg 1024w, https:\/\/www.bungalows-martinique.com\/wp-content\/uploads\/2019\/12\/ilets-2-300x150.jpg 300w, https:\/\/www.bungalows-martinique.com\/wp-content\/uploads\/2019\/12\/ilets-2-768x384.jpg 768w, https:\/\/www.bungalows-martinique.com\/wp-content\/uploads\/2019\/12\/ilets-2-1536x768.jpg 1536w, https:\/\/www.bungalows-martinique.com\/wp-content\/uploads\/2019\/12\/ilets-2-2048x1024.jpg 2048w\" sizes=\"(max-width: 1024px) 100vw, 1024px\" \/>\t\t\t\t\t\t\t\t\t\t\t\t\t\t\t<\/div>\n\t\t\t\t<\/div>\n\t\t\t\t<div class=\"elementor-element elementor-element-464666fc elementor-widget elementor-widget-text-editor\" data-id=\"464666fc\" data-element_type=\"widget\" data-e-type=\"widget\" data-widget_type=\"text-editor.default\">\n\t\t\t\t<div class=\"elementor-widget-container\">\n\t\t\t\t\t\t\t\t\t<p>Shallow pools with white sandy bottoms \u2014 the most famous being \"La Baignoire de Jos\u00e9phine\" (\"Josephine's Pool\") \u2014 and the coral reef put the finishing touches to this picture-perfect paradise.<br \/>The boat to take you there is a mere 5 minutes away from the hotel ...<\/p>\t\t\t\t\t\t\t\t<\/div>\n\t\t\t\t<\/div>\n\t\t\t\t<div class=\"elementor-element elementor-element-4f5d2cac elementor-widget elementor-widget-image\" data-id=\"4f5d2cac\" data-element_type=\"widget\" data-e-type=\"widget\" data-widget_type=\"image.default\">\n\t\t\t\t<div class=\"elementor-widget-container\">\n\t\t\t\t\t\t\t\t\t\t\t\t\t\t\t<img decoding=\"async\" width=\"1024\" height=\"512\" src=\"https:\/\/www.bungalows-martinique.com\/wp-content\/uploads\/2019\/12\/ilets_loup_garou-1024x512.jpg\" class=\"attachment-large size-large wp-image-655\" alt=\"\" srcset=\"https:\/\/www.bungalows-martinique.com\/wp-content\/uploads\/2019\/12\/ilets_loup_garou-1024x512.jpg 1024w, https:\/\/www.bungalows-martinique.com\/wp-content\/uploads\/2019\/12\/ilets_loup_garou-300x150.jpg 300w, https:\/\/www.bungalows-martinique.com\/wp-content\/uploads\/2019\/12\/ilets_loup_garou-768x384.jpg 768w, https:\/\/www.bungalows-martinique.com\/wp-content\/uploads\/2019\/12\/ilets_loup_garou-1536x768.jpg 1536w, https:\/\/www.bungalows-martinique.com\/wp-content\/uploads\/2019\/12\/ilets_loup_garou-2048x1024.jpg 2048w\" sizes=\"(max-width: 1024px) 100vw, 1024px\" \/>\t\t\t\t\t\t\t\t\t\t\t\t\t\t\t<\/div>\n\t\t\t\t<\/div>\n\t\t\t\t<div class=\"elementor-element elementor-element-2ad2c826 elementor-widget elementor-widget-text-editor\" data-id=\"2ad2c826\" data-element_type=\"widget\" data-e-type=\"widget\" data-widget_type=\"text-editor.default\">\n\t\t\t\t<div class=\"elementor-widget-container\">\n\t\t\t\t\t\t\t\t\t<p>A little further out to sea, surrounded by white sandy beaches, we find \"Loup Garou\" Island (\"Werewolf\" Island).<br \/>An acclaimed tourist attraction, it boldly resists the onslaught of Atlantic waves. Ask a fisherman to take you there.<\/p>\t\t\t\t\t\t\t\t<\/div>\n\t\t\t\t<\/div>\n\t\t\t\t<div class=\"elementor-element elementor-element-4b121e9a elementor-widget elementor-widget-image\" data-id=\"4b121e9a\" data-element_type=\"widget\" data-e-type=\"widget\" data-widget_type=\"image.default\">\n\t\t\t\t<div class=\"elementor-widget-container\">\n\t\t\t\t\t\t\t\t\t\t\t\t\t\t\t<img decoding=\"async\" width=\"1000\" height=\"669\" src=\"https:\/\/www.bungalows-martinique.com\/wp-content\/uploads\/2019\/12\/yoles1.jpg\" class=\"attachment-large size-large wp-image-70\" alt=\"\" srcset=\"https:\/\/www.bungalows-martinique.com\/wp-content\/uploads\/2019\/12\/yoles1.jpg 1000w, https:\/\/www.bungalows-martinique.com\/wp-content\/uploads\/2019\/12\/yoles1-300x201.jpg 300w, https:\/\/www.bungalows-martinique.com\/wp-content\/uploads\/2019\/12\/yoles1-768x514.jpg 768w\" sizes=\"(max-width: 1000px) 100vw, 1000px\" \/>\t\t\t\t\t\t\t\t\t\t\t\t\t\t\t<\/div>\n\t\t\t\t<\/div>\n\t\t\t\t<div class=\"elementor-element elementor-element-12fd705 elementor-widget elementor-widget-text-editor\" data-id=\"12fd705\" data-element_type=\"widget\" data-e-type=\"widget\" data-widget_type=\"text-editor.default\">\n\t\t\t\t<div class=\"elementor-widget-container\">\n\t\t\t\t\t\t\t\t\t<p>Le Fran\u00e7ois is also a town where you find many fishermen. Their professional knowledge of the sea has earned them the rank of expert handlers of the locally made sailing vessels called Yoles.<\/p>\t\t\t\t\t\t\t\t<\/div>\n\t\t\t\t<\/div>\n\t\t\t\t<div class=\"elementor-element elementor-element-710b2a78 elementor-widget elementor-widget-image\" data-id=\"710b2a78\" data-element_type=\"widget\" data-e-type=\"widget\" data-widget_type=\"image.default\">\n\t\t\t\t<div class=\"elementor-widget-container\">\n\t\t\t\t\t\t\t\t\t\t\t\t\t\t\t<img loading=\"lazy\" decoding=\"async\" width=\"1000\" height=\"669\" src=\"https:\/\/www.bungalows-martinique.com\/wp-content\/uploads\/2019\/12\/yole2.jpg\" class=\"attachment-large size-large wp-image-71\" alt=\"\" srcset=\"https:\/\/www.bungalows-martinique.com\/wp-content\/uploads\/2019\/12\/yole2.jpg 1000w, https:\/\/www.bungalows-martinique.com\/wp-content\/uploads\/2019\/12\/yole2-300x201.jpg 300w, https:\/\/www.bungalows-martinique.com\/wp-content\/uploads\/2019\/12\/yole2-768x514.jpg 768w\" sizes=\"(max-width: 1000px) 100vw, 1000px\" \/>\t\t\t\t\t\t\t\t\t\t\t\t\t\t\t<\/div>\n\t\t\t\t<\/div>\n\t\t\t\t<div class=\"elementor-element elementor-element-18ca9cc5 elementor-widget elementor-widget-text-editor\" data-id=\"18ca9cc5\" data-element_type=\"widget\" data-e-type=\"widget\" data-widget_type=\"text-editor.default\">\n\t\t\t\t<div class=\"elementor-widget-container\">\n\t\t\t\t\t\t\t\t\t<p>Regattas involving Yoles are very popular and crews from the town of Le Fran\u00e7ois are known throughout the island for regularly winning the most prestigious races.<\/p>\t\t\t\t\t\t\t\t<\/div>\n\t\t\t\t<\/div>\n\t\t\t\t<div class=\"elementor-element elementor-element-47ac958b elementor-widget elementor-widget-image\" data-id=\"47ac958b\" data-element_type=\"widget\" data-e-type=\"widget\" data-widget_type=\"image.default\">\n\t\t\t\t<div class=\"elementor-widget-container\">\n\t\t\t\t\t\t\t\t\t\t\t\t\t\t\t<img loading=\"lazy\" decoding=\"async\" width=\"1024\" height=\"512\" src=\"https:\/\/www.bungalows-martinique.com\/wp-content\/uploads\/2019\/12\/canne_a_sucre-1-1024x512.jpg\" class=\"attachment-large size-large wp-image-653\" alt=\"\" srcset=\"https:\/\/www.bungalows-martinique.com\/wp-content\/uploads\/2019\/12\/canne_a_sucre-1-1024x512.jpg 1024w, https:\/\/www.bungalows-martinique.com\/wp-content\/uploads\/2019\/12\/canne_a_sucre-1-300x150.jpg 300w, https:\/\/www.bungalows-martinique.com\/wp-content\/uploads\/2019\/12\/canne_a_sucre-1-768x384.jpg 768w, https:\/\/www.bungalows-martinique.com\/wp-content\/uploads\/2019\/12\/canne_a_sucre-1.jpg 1500w\" sizes=\"(max-width: 1024px) 100vw, 1024px\" \/>\t\t\t\t\t\t\t\t\t\t\t\t\t\t\t<\/div>\n\t\t\t\t<\/div>\n\t\t\t\t<div class=\"elementor-element elementor-element-6d55be4a elementor-widget elementor-widget-text-editor\" data-id=\"6d55be4a\" data-element_type=\"widget\" data-e-type=\"widget\" data-widget_type=\"text-editor.default\">\n\t\t\t\t<div class=\"elementor-widget-container\">\n\t\t\t\t\t\t\t\t\t<p>Sugar cane plantations spread out on the hill slopes around. Their produce mostly likely headed to supply one of the island's best rum distilleries: The Acajou Rum Distillery. This distillery will undoubtedly be of interest to enthusiasts of vintage rum over 40\u00b0. Also on this agricultural estate, you'll discover the restored main mansion and its antique furniture. In its little rum museum you'll be able to sample a rum called Cl\u00e9ment. Drink moderately!<\/p>\t\t\t\t\t\t\t\t<\/div>\n\t\t\t\t<\/div>\n\t\t\t\t<div class=\"elementor-element elementor-element-a9bffe8 elementor-widget elementor-widget-image\" data-id=\"a9bffe8\" data-element_type=\"widget\" data-e-type=\"widget\" data-widget_type=\"image.default\">\n\t\t\t\t<div class=\"elementor-widget-container\">\n\t\t\t\t\t\t\t\t\t\t\t\t\t\t\t<img loading=\"lazy\" decoding=\"async\" width=\"1024\" height=\"512\" src=\"https:\/\/www.bungalows-martinique.com\/wp-content\/uploads\/2019\/12\/banane-1024x512.jpg\" class=\"attachment-large size-large wp-image-657\" alt=\"\" srcset=\"https:\/\/www.bungalows-martinique.com\/wp-content\/uploads\/2019\/12\/banane-1024x512.jpg 1024w, https:\/\/www.bungalows-martinique.com\/wp-content\/uploads\/2019\/12\/banane-300x150.jpg 300w, https:\/\/www.bungalows-martinique.com\/wp-content\/uploads\/2019\/12\/banane-768x384.jpg 768w, https:\/\/www.bungalows-martinique.com\/wp-content\/uploads\/2019\/12\/banane.jpg 1500w\" sizes=\"(max-width: 1024px) 100vw, 1024px\" \/>\t\t\t\t\t\t\t\t\t\t\t\t\t\t\t<\/div>\n\t\t\t\t<\/div>\n\t\t\t\t<div class=\"elementor-element elementor-element-0b7d1a9 elementor-widget elementor-widget-text-editor\" data-id=\"0b7d1a9\" data-element_type=\"widget\" data-e-type=\"widget\" data-widget_type=\"text-editor.default\">\n\t\t\t\t<div class=\"elementor-widget-container\">\n\t\t\t\t\t\t\t\t\t<p>However, the island's major production crop remains banana and the town of Le Fran\u00e7ois plays its part as a great part of its arable land is dedicated to banana production.<\/p>\t\t\t\t\t\t\t\t<\/div>\n\t\t\t\t<\/div>\n\t\t\t\t\t<\/div>\n\t\t<\/div>\n\t\t\t\t\t<\/div>\n\t\t<\/section>\n\t\t\t\t<\/div>","protected":false},"excerpt":{"rendered":"<p>Le Fran\u00e7ois La r\u00e9gion du Fran\u00e7ois est connue pour la beaut\u00e9 de sa baie o\u00f9 s&rsquo;abritent des assauts de l&rsquo;atlantique les \u00eelets Lavigne, &nbsp;Lapin, Oscar, Thierry, M\u00e9trente, Pel\u00e9, Long et [&hellip;]<\/p>\n","protected":false},"author":1,"featured_media":0,"parent":0,"menu_order":0,"comment_status":"closed","ping_status":"closed","template":"","meta":{"footnotes":""},"class_list":["post-15","page","type-page","status-publish","hentry"],"yoast_head":"<!-- This site is optimized with the Yoast SEO plugin v27.5 - https:\/\/yoast.com\/product\/yoast-seo-wordpress\/ -->\n<title>La Commune du Fran\u00e7ois en Martinique - La Route des Epices<\/title>\n<meta name=\"description\" content=\"Bienvenue au Fran\u00e7ois, magnifique commune de la Martinique ! La Route des Epices vous propose des villas et bungalows dans la commune du Francois.\" \/>\n<meta name=\"robots\" content=\"index, follow, max-snippet:-1, max-image-preview:large, max-video-preview:-1\" \/>\n<link rel=\"canonical\" href=\"https:\/\/www.bungalows-martinique.com\/en\/decouvrir-le-francois\/\" \/>\n<meta property=\"og:locale\" content=\"en_GB\" \/>\n<meta property=\"og:type\" content=\"article\" \/>\n<meta property=\"og:title\" content=\"La Commune du Fran\u00e7ois en Martinique - La Route des Epices\" \/>\n<meta property=\"og:description\" content=\"Bienvenue au Fran\u00e7ois, magnifique commune de la Martinique ! La Route des Epices vous propose des villas et bungalows dans la commune du Francois.\" \/>\n<meta property=\"og:url\" content=\"https:\/\/www.bungalows-martinique.com\/en\/decouvrir-le-francois\/\" \/>\n<meta property=\"og:site_name\" content=\"Location bungalows Martinique - Location villas avec piscine en Martinique\" \/>\n<meta property=\"article:modified_time\" content=\"2019-12-18T14:31:27+00:00\" \/>\n<meta property=\"og:image\" content=\"https:\/\/www.bungalows-martinique.com\/sun27112019\/wp-content\/uploads\/2019\/12\/ilets-2-1024x512.jpg\" \/>\n<meta name=\"twitter:card\" content=\"summary_large_image\" \/>\n<meta name=\"twitter:label1\" content=\"Estimated reading time\" \/>\n\t<meta name=\"twitter:data1\" content=\"1 minute\" \/>\n<script type=\"application\/ld+json\" class=\"yoast-schema-graph\">{\"@context\":\"https:\\\/\\\/schema.org\",\"@graph\":[{\"@type\":\"WebPage\",\"@id\":\"https:\\\/\\\/www.bungalows-martinique.com\\\/decouvrir-le-francois\\\/\",\"url\":\"https:\\\/\\\/www.bungalows-martinique.com\\\/decouvrir-le-francois\\\/\",\"name\":\"La Commune du Fran\u00e7ois en Martinique - La Route des Epices\",\"isPartOf\":{\"@id\":\"https:\\\/\\\/www.bungalows-martinique.com\\\/#website\"},\"primaryImageOfPage\":{\"@id\":\"https:\\\/\\\/www.bungalows-martinique.com\\\/decouvrir-le-francois\\\/#primaryimage\"},\"image\":{\"@id\":\"https:\\\/\\\/www.bungalows-martinique.com\\\/decouvrir-le-francois\\\/#primaryimage\"},\"thumbnailUrl\":\"https:\\\/\\\/www.bungalows-martinique.com\\\/sun27112019\\\/wp-content\\\/uploads\\\/2019\\\/12\\\/ilets-2-1024x512.jpg\",\"datePublished\":\"2019-12-02T03:55:58+00:00\",\"dateModified\":\"2019-12-18T14:31:27+00:00\",\"description\":\"Bienvenue au Fran\u00e7ois, magnifique commune de la Martinique ! La Route des Epices vous propose des villas et bungalows dans la commune du Francois.\",\"breadcrumb\":{\"@id\":\"https:\\\/\\\/www.bungalows-martinique.com\\\/decouvrir-le-francois\\\/#breadcrumb\"},\"inLanguage\":\"en-GB\",\"potentialAction\":[{\"@type\":\"ReadAction\",\"target\":[\"https:\\\/\\\/www.bungalows-martinique.com\\\/decouvrir-le-francois\\\/\"]}]},{\"@type\":\"ImageObject\",\"inLanguage\":\"en-GB\",\"@id\":\"https:\\\/\\\/www.bungalows-martinique.com\\\/decouvrir-le-francois\\\/#primaryimage\",\"url\":\"https:\\\/\\\/www.bungalows-martinique.com\\\/sun27112019\\\/wp-content\\\/uploads\\\/2019\\\/12\\\/ilets-2-1024x512.jpg\",\"contentUrl\":\"https:\\\/\\\/www.bungalows-martinique.com\\\/sun27112019\\\/wp-content\\\/uploads\\\/2019\\\/12\\\/ilets-2-1024x512.jpg\"},{\"@type\":\"BreadcrumbList\",\"@id\":\"https:\\\/\\\/www.bungalows-martinique.com\\\/decouvrir-le-francois\\\/#breadcrumb\",\"itemListElement\":[{\"@type\":\"ListItem\",\"position\":1,\"name\":\"Accueil\",\"item\":\"https:\\\/\\\/www.bungalows-martinique.com\\\/\"},{\"@type\":\"ListItem\",\"position\":2,\"name\":\"D\u00e9couvrir le fran\u00e7ois\"}]},{\"@type\":\"WebSite\",\"@id\":\"https:\\\/\\\/www.bungalows-martinique.com\\\/#website\",\"url\":\"https:\\\/\\\/www.bungalows-martinique.com\\\/\",\"name\":\"Location bungalows Martinique - Location villas avec piscine en Martinique\",\"description\":\"Sur la Route des Epices en Martinique\",\"potentialAction\":[{\"@type\":\"SearchAction\",\"target\":{\"@type\":\"EntryPoint\",\"urlTemplate\":\"https:\\\/\\\/www.bungalows-martinique.com\\\/?s={search_term_string}\"},\"query-input\":{\"@type\":\"PropertyValueSpecification\",\"valueRequired\":true,\"valueName\":\"search_term_string\"}}],\"inLanguage\":\"en-GB\"}]}<\/script>\n<!-- \/ Yoast SEO plugin. -->","yoast_head_json":{"title":"La Commune du Fran\u00e7ois en Martinique - La Route des Epices","description":"Bienvenue au Fran\u00e7ois, magnifique commune de la Martinique ! La Route des Epices vous propose des villas et bungalows dans la commune du Francois.","robots":{"index":"index","follow":"follow","max-snippet":"max-snippet:-1","max-image-preview":"max-image-preview:large","max-video-preview":"max-video-preview:-1"},"canonical":"https:\/\/www.bungalows-martinique.com\/en\/decouvrir-le-francois\/","og_locale":"en_GB","og_type":"article","og_title":"La Commune du Fran\u00e7ois en Martinique - La Route des Epices","og_description":"Bienvenue au Fran\u00e7ois, magnifique commune de la Martinique ! La Route des Epices vous propose des villas et bungalows dans la commune du Francois.","og_url":"https:\/\/www.bungalows-martinique.com\/en\/decouvrir-le-francois\/","og_site_name":"Location bungalows Martinique - Location villas avec piscine en Martinique","article_modified_time":"2019-12-18T14:31:27+00:00","og_image":[{"url":"https:\/\/www.bungalows-martinique.com\/sun27112019\/wp-content\/uploads\/2019\/12\/ilets-2-1024x512.jpg","type":"","width":"","height":""}],"twitter_card":"summary_large_image","twitter_misc":{"Estimated reading time":"1 minute"},"schema":{"@context":"https:\/\/schema.org","@graph":[{"@type":"WebPage","@id":"https:\/\/www.bungalows-martinique.com\/decouvrir-le-francois\/","url":"https:\/\/www.bungalows-martinique.com\/decouvrir-le-francois\/","name":"La Commune du Fran\u00e7ois en Martinique - La Route des Epices","isPartOf":{"@id":"https:\/\/www.bungalows-martinique.com\/#website"},"primaryImageOfPage":{"@id":"https:\/\/www.bungalows-martinique.com\/decouvrir-le-francois\/#primaryimage"},"image":{"@id":"https:\/\/www.bungalows-martinique.com\/decouvrir-le-francois\/#primaryimage"},"thumbnailUrl":"https:\/\/www.bungalows-martinique.com\/sun27112019\/wp-content\/uploads\/2019\/12\/ilets-2-1024x512.jpg","datePublished":"2019-12-02T03:55:58+00:00","dateModified":"2019-12-18T14:31:27+00:00","description":"Bienvenue au Fran\u00e7ois, magnifique commune de la Martinique ! La Route des Epices vous propose des villas et bungalows dans la commune du Francois.","breadcrumb":{"@id":"https:\/\/www.bungalows-martinique.com\/decouvrir-le-francois\/#breadcrumb"},"inLanguage":"en-GB","potentialAction":[{"@type":"ReadAction","target":["https:\/\/www.bungalows-martinique.com\/decouvrir-le-francois\/"]}]},{"@type":"ImageObject","inLanguage":"en-GB","@id":"https:\/\/www.bungalows-martinique.com\/decouvrir-le-francois\/#primaryimage","url":"https:\/\/www.bungalows-martinique.com\/sun27112019\/wp-content\/uploads\/2019\/12\/ilets-2-1024x512.jpg","contentUrl":"https:\/\/www.bungalows-martinique.com\/sun27112019\/wp-content\/uploads\/2019\/12\/ilets-2-1024x512.jpg"},{"@type":"BreadcrumbList","@id":"https:\/\/www.bungalows-martinique.com\/decouvrir-le-francois\/#breadcrumb","itemListElement":[{"@type":"ListItem","position":1,"name":"Accueil","item":"https:\/\/www.bungalows-martinique.com\/"},{"@type":"ListItem","position":2,"name":"D\u00e9couvrir le fran\u00e7ois"}]},{"@type":"WebSite","@id":"https:\/\/www.bungalows-martinique.com\/#website","url":"https:\/\/www.bungalows-martinique.com\/","name":"Location bungalows Martinique - Location villas avec piscine en Martinique","description":"Sur la Route des Epices en Martinique","potentialAction":[{"@type":"SearchAction","target":{"@type":"EntryPoint","urlTemplate":"https:\/\/www.bungalows-martinique.com\/?s={search_term_string}"},"query-input":{"@type":"PropertyValueSpecification","valueRequired":true,"valueName":"search_term_string"}}],"inLanguage":"en-GB"}]}},"_links":{"self":[{"href":"https:\/\/www.bungalows-martinique.com\/en\/wp-json\/wp\/v2\/pages\/15","targetHints":{"allow":["GET"]}}],"collection":[{"href":"https:\/\/www.bungalows-martinique.com\/en\/wp-json\/wp\/v2\/pages"}],"about":[{"href":"https:\/\/www.bungalows-martinique.com\/en\/wp-json\/wp\/v2\/types\/page"}],"author":[{"embeddable":true,"href":"https:\/\/www.bungalows-martinique.com\/en\/wp-json\/wp\/v2\/users\/1"}],"replies":[{"embeddable":true,"href":"https:\/\/www.bungalows-martinique.com\/en\/wp-json\/wp\/v2\/comments?post=15"}],"version-history":[{"count":12,"href":"https:\/\/www.bungalows-martinique.com\/en\/wp-json\/wp\/v2\/pages\/15\/revisions"}],"predecessor-version":[{"id":662,"href":"https:\/\/www.bungalows-martinique.com\/en\/wp-json\/wp\/v2\/pages\/15\/revisions\/662"}],"wp:attachment":[{"href":"https:\/\/www.bungalows-martinique.com\/en\/wp-json\/wp\/v2\/media?parent=15"}],"curies":[{"name":"wp","href":"https:\/\/api.w.org\/{rel}","templated":true}]}}